{"id":1540,"date":"2019-09-25T17:49:58","date_gmt":"2019-09-25T17:49:58","guid":{"rendered":"https:\/\/www.melinabay.com\/terms-conditions\/"},"modified":"2025-03-05T13:32:01","modified_gmt":"2025-03-05T13:32:01","slug":"terms-conditions","status":"publish","type":"page","link":"https:\/\/melinabay.com\/de\/terms-conditions\/","title":{"rendered":"Unsere Gesch\u00e4ftsbedingungen"},"content":{"rendered":"<h2>Zahlungsbedingungen<\/h2>\n<p>Bei der Buchung ist eine Anzahlung von 20 % per Kredit-\/Debitkarte zu leisten. Der Restbetrag wird bei der Ankunft im Hotel gezahlt, das Hotel kann jedoch Ihre Karte vor der Ankunft vorautorisieren.<br \/>\nBei einer Stornierung von mehr als 21 Tagen vor dem Anreisedatum wird die Anzahlung einbehalten.<br \/>\nBei einer Stornierung 8-20 Tage vor dem Anreisedatum wird eine Geb\u00fchr von 50% erhoben.<br \/>\nBei einer Stornierung 0-7 Tage vor dem Anreisedatum fallen 100% der Kosten an.<br \/>\nBei Nichterscheinen wird eine Geb\u00fchr von 100% erhoben.<\/p>\n<h2>Zus\u00e4tzliche Kosten<\/h2>\n<p>Alle zus\u00e4tzlichen Dienstleistungen, wie z.B. Telefongespr\u00e4che, m\u00fcssen vor dem Check-out bezahlt werden.<\/p>\n<h2>Best\u00e4tigung der Reservierung<\/h2>\n<p>Die Best\u00e4tigungsdetails mit den Transfervereinbarungen und anderen vereinbarten Zusatzleistungen werden Ihnen nach Eingang der Anzahlung in einer Buchungsbest\u00e4tigung per E-Mail zugesandt. Diese E-Mail m\u00fcssen Sie bei Ihrer Ankunft zusammen mit Ihrem Reisepass vorlegen.<\/p>\n<h2>Ankunft\/Abreisezeiten<\/h2>\n<p><strong>Einchecken<\/strong> : 14:00 &#8211; 00:00<br \/>\n<strong>Auschecken<\/strong> :12.00<br \/>\nFr\u00fches Einchecken oder sp\u00e4tes Auschecken auf Anfrage und je nach Verf\u00fcgbarkeit<\/p>\n<h2>Allgemeine Bedingungen und Konditionen<\/h2>\n<p>Haustiere sind im Hotel nicht erlaubt<\/p>\n<h2>Zugang<\/h2>\n<p>Das Hotel verf\u00fcgt \u00fcber keine Zimmer, die f\u00fcr Rollstuhlfahrer zug\u00e4nglich sind.<br \/>\nDa das Hotel auf verschiedenen Ebenen gebaut wurde, m\u00fcssen Sie viele Treppen steigen, um das Melina Bay Hotel zu erreichen.<br \/>\nDas Melina Bay Hotel verf\u00fcgt nicht \u00fcber einen Privatparkplatz. Es gibt nur einen Abstellplatz.<\/p>\n<h2>Sch\u00e4den oder Verluste<\/h2>\n<p>Das Hotel erwartet von seinen G\u00e4sten, dass sie sich verantwortungsvoll verhalten. Jeder Gast, der Hoteleigentum besch\u00e4digt oder andere G\u00e4ste st\u00f6rt, muss f\u00fcr den Schaden aufkommen und wird aufgefordert, das Hotel ohne R\u00fcckerstattung zu verlassen.<\/p>\n<h2>Wertsachen und Sicherheit<\/h2>\n<p>Das Hotel haftet nicht f\u00fcr Diebstahl oder Sch\u00e4den am Eigentum der G\u00e4ste oder f\u00fcr Verletzungen oder Krankheiten der G\u00e4ste. Wir empfehlen Ihnen, sich gegen solche Vorf\u00e4lle ausreichend zu versichern und die bereitgestellten Schlie\u00dff\u00e4cher zu nutzen.<br \/>\nDas Hotel haftet nicht f\u00fcr Dienstleistungen, die aufgrund von schlechten Wetterbedingungen, Stromausf\u00e4llen, Streiks, Unruhen oder h\u00f6herer Gewalt nicht zur Verf\u00fcgung stehen, und es werden keine R\u00fcckerstattungen gew\u00e4hrt. Wir werden jedoch unser Bestes tun, um den normalen Betrieb so schnell wie m\u00f6glich wieder aufzunehmen.<\/p>\n<h2>Beschwerden<\/h2>\n<p>Wir hoffen, Sie haben einen angenehmen Aufenthalt bei uns. Bitte machen Sie uns auf alles aufmerksam, was Ihnen w\u00e4hrend Ihres Aufenthaltes nicht gef\u00e4llt, und wir werden unser Bestes tun, um es zu beheben.<\/p>\n","protected":false},"excerpt":{"rendered":"<p>Zahlungsbedingungen Bei der Buchung ist eine Anzahlung von 20 % per Kredit-\/Debitkarte zu leisten. Der Restbetrag wird bei der Ankunft [&hellip;]<\/p>\n","protected":false},"author":1,"featured_media":0,"parent":0,"menu_order":0,"comment_status":"closed","ping_status":"closed","template":"info-pages-template.php","meta":[],"acf":[],"yoast_head":"<!-- This site is optimized with the Yoast SEO plugin v18.8 - https:\/\/yoast.com\/wordpress\/plugins\/seo\/ -->\n<title>Bedingungen | Melina Bay Boutique Hotel Kassiopi<\/title>\n<meta name=\"description\" content=\"Indem Sie unsere Dienste nutzen, erkl\u00e4ren Sie sich mit diesen Bedingungen einverstanden. Bitte lesen Sie sie sorgf\u00e4ltig.\" \/>\n<meta name=\"robots\" content=\"index, follow, max-snippet:-1, max-image-preview:large, max-video-preview:-1\" \/>\n<link rel=\"canonical\" href=\"https:\/\/melinabay.com\/de\/terms-conditions\/\" \/>\n<meta property=\"og:locale\" content=\"de_DE\" \/>\n<meta property=\"og:type\" content=\"article\" \/>\n<meta property=\"og:title\" content=\"Bedingungen | Melina Bay Boutique Hotel Kassiopi\" \/>\n<meta property=\"og:description\" content=\"Indem Sie unsere Dienste nutzen, erkl\u00e4ren Sie sich mit diesen Bedingungen einverstanden. Bitte lesen Sie sie sorgf\u00e4ltig.\" \/>\n<meta property=\"og:url\" content=\"https:\/\/melinabay.com\/de\/terms-conditions\/\" \/>\n<meta property=\"og:site_name\" content=\"Melina Bay Hotel\" \/>\n<meta property=\"article:publisher\" content=\"https:\/\/el-gr.facebook.com\/melinabayhotel\" \/>\n<meta property=\"article:modified_time\" content=\"2025-03-05T13:32:01+00:00\" \/>\n<meta property=\"og:image\" content=\"https:\/\/melinabay.com\/wp-content\/uploads\/2019\/09\/Melina-Bay-Sea-View-New-Building-1.jpg\" \/>\n\t<meta property=\"og:image:width\" content=\"1800\" \/>\n\t<meta property=\"og:image:height\" content=\"1202\" \/>\n\t<meta property=\"og:image:type\" content=\"image\/jpeg\" \/>\n<meta name=\"twitter:card\" content=\"summary_large_image\" \/>\n<meta name=\"twitter:label1\" content=\"Gesch\u00e4tzte Lesezeit\" \/>\n\t<meta name=\"twitter:data1\" content=\"2\u00a0Minuten\" \/>\n<script type=\"application\/ld+json\" class=\"yoast-schema-graph\">{\"@context\":\"https:\/\/schema.org\",\"@graph\":[{\"@type\":\"Organization\",\"@id\":\"https:\/\/melinabay.com\/#organization\",\"name\":\"Melina Bay Boutique Hotel Kassiopi, Corfu\",\"url\":\"https:\/\/melinabay.com\/\",\"sameAs\":[\"https:\/\/el-gr.facebook.com\/melinabayhotel\"],\"logo\":{\"@type\":\"ImageObject\",\"inLanguage\":\"de\",\"@id\":\"https:\/\/melinabay.com\/#\/schema\/logo\/image\/\",\"url\":\"https:\/\/melinabay.com\/wp-content\/uploads\/2019\/09\/melina-bay-badge.png\",\"contentUrl\":\"https:\/\/melinabay.com\/wp-content\/uploads\/2019\/09\/melina-bay-badge.png\",\"width\":300,\"height\":288,\"caption\":\"Melina Bay Boutique Hotel Kassiopi, Corfu\"},\"image\":{\"@id\":\"https:\/\/melinabay.com\/#\/schema\/logo\/image\/\"}},{\"@type\":\"WebSite\",\"@id\":\"https:\/\/melinabay.com\/#website\",\"url\":\"https:\/\/melinabay.com\/\",\"name\":\"Melina Bay Boutique Hotel\",\"description\":\"Boutique Hotel in Kassiopi\",\"publisher\":{\"@id\":\"https:\/\/melinabay.com\/#organization\"},\"potentialAction\":[{\"@type\":\"SearchAction\",\"target\":{\"@type\":\"EntryPoint\",\"urlTemplate\":\"https:\/\/melinabay.com\/?s={search_term_string}\"},\"query-input\":\"required name=search_term_string\"}],\"inLanguage\":\"de\"},{\"@type\":\"WebPage\",\"@id\":\"https:\/\/melinabay.com\/de\/terms-conditions\/#webpage\",\"url\":\"https:\/\/melinabay.com\/de\/terms-conditions\/\",\"name\":\"Bedingungen | Melina Bay Boutique Hotel Kassiopi\",\"isPartOf\":{\"@id\":\"https:\/\/melinabay.com\/#website\"},\"datePublished\":\"2019-09-25T17:49:58+00:00\",\"dateModified\":\"2025-03-05T13:32:01+00:00\",\"description\":\"Indem Sie unsere Dienste nutzen, erkl\u00e4ren Sie sich mit diesen Bedingungen einverstanden. Bitte lesen Sie sie sorgf\u00e4ltig.\",\"breadcrumb\":{\"@id\":\"https:\/\/melinabay.com\/de\/terms-conditions\/#breadcrumb\"},\"inLanguage\":\"de\",\"potentialAction\":[{\"@type\":\"ReadAction\",\"target\":[\"https:\/\/melinabay.com\/de\/terms-conditions\/\"]}]},{\"@type\":\"BreadcrumbList\",\"@id\":\"https:\/\/melinabay.com\/de\/terms-conditions\/#breadcrumb\",\"itemListElement\":[{\"@type\":\"ListItem\",\"position\":1,\"name\":\"Home\",\"item\":\"https:\/\/melinabay.com\/de\/\"},{\"@type\":\"ListItem\",\"position\":2,\"name\":\"Unsere Gesch\u00e4ftsbedingungen\"}]}]}<\/script>\n<!-- \/ Yoast SEO plugin. -->","yoast_head_json":{"title":"Bedingungen | Melina Bay Boutique Hotel Kassiopi","description":"Indem Sie unsere Dienste nutzen, erkl\u00e4ren Sie sich mit diesen Bedingungen einverstanden. Bitte lesen Sie sie sorgf\u00e4ltig.","robots":{"index":"index","follow":"follow","max-snippet":"max-snippet:-1","max-image-preview":"max-image-preview:large","max-video-preview":"max-video-preview:-1"},"canonical":"https:\/\/melinabay.com\/de\/terms-conditions\/","og_locale":"de_DE","og_type":"article","og_title":"Bedingungen | Melina Bay Boutique Hotel Kassiopi","og_description":"Indem Sie unsere Dienste nutzen, erkl\u00e4ren Sie sich mit diesen Bedingungen einverstanden. Bitte lesen Sie sie sorgf\u00e4ltig.","og_url":"https:\/\/melinabay.com\/de\/terms-conditions\/","og_site_name":"Melina Bay Hotel","article_publisher":"https:\/\/el-gr.facebook.com\/melinabayhotel","article_modified_time":"2025-03-05T13:32:01+00:00","og_image":[{"width":1800,"height":1202,"url":"https:\/\/melinabay.com\/wp-content\/uploads\/2019\/09\/Melina-Bay-Sea-View-New-Building-1.jpg","type":"image\/jpeg"}],"twitter_card":"summary_large_image","twitter_misc":{"Gesch\u00e4tzte Lesezeit":"2\u00a0Minuten"},"schema":{"@context":"https:\/\/schema.org","@graph":[{"@type":"Organization","@id":"https:\/\/melinabay.com\/#organization","name":"Melina Bay Boutique Hotel Kassiopi, Corfu","url":"https:\/\/melinabay.com\/","sameAs":["https:\/\/el-gr.facebook.com\/melinabayhotel"],"logo":{"@type":"ImageObject","inLanguage":"de","@id":"https:\/\/melinabay.com\/#\/schema\/logo\/image\/","url":"https:\/\/melinabay.com\/wp-content\/uploads\/2019\/09\/melina-bay-badge.png","contentUrl":"https:\/\/melinabay.com\/wp-content\/uploads\/2019\/09\/melina-bay-badge.png","width":300,"height":288,"caption":"Melina Bay Boutique Hotel Kassiopi, Corfu"},"image":{"@id":"https:\/\/melinabay.com\/#\/schema\/logo\/image\/"}},{"@type":"WebSite","@id":"https:\/\/melinabay.com\/#website","url":"https:\/\/melinabay.com\/","name":"Melina Bay Boutique Hotel","description":"Boutique Hotel in Kassiopi","publisher":{"@id":"https:\/\/melinabay.com\/#organization"},"potentialAction":[{"@type":"SearchAction","target":{"@type":"EntryPoint","urlTemplate":"https:\/\/melinabay.com\/?s={search_term_string}"},"query-input":"required name=search_term_string"}],"inLanguage":"de"},{"@type":"WebPage","@id":"https:\/\/melinabay.com\/de\/terms-conditions\/#webpage","url":"https:\/\/melinabay.com\/de\/terms-conditions\/","name":"Bedingungen | Melina Bay Boutique Hotel Kassiopi","isPartOf":{"@id":"https:\/\/melinabay.com\/#website"},"datePublished":"2019-09-25T17:49:58+00:00","dateModified":"2025-03-05T13:32:01+00:00","description":"Indem Sie unsere Dienste nutzen, erkl\u00e4ren Sie sich mit diesen Bedingungen einverstanden. Bitte lesen Sie sie sorgf\u00e4ltig.","breadcrumb":{"@id":"https:\/\/melinabay.com\/de\/terms-conditions\/#breadcrumb"},"inLanguage":"de","potentialAction":[{"@type":"ReadAction","target":["https:\/\/melinabay.com\/de\/terms-conditions\/"]}]},{"@type":"BreadcrumbList","@id":"https:\/\/melinabay.com\/de\/terms-conditions\/#breadcrumb","itemListElement":[{"@type":"ListItem","position":1,"name":"Home","item":"https:\/\/melinabay.com\/de\/"},{"@type":"ListItem","position":2,"name":"Unsere Gesch\u00e4ftsbedingungen"}]}]}},"_links":{"self":[{"href":"https:\/\/melinabay.com\/de\/wp-json\/wp\/v2\/pages\/1540"}],"collection":[{"href":"https:\/\/melinabay.com\/de\/wp-json\/wp\/v2\/pages"}],"about":[{"href":"https:\/\/melinabay.com\/de\/wp-json\/wp\/v2\/types\/page"}],"author":[{"embeddable":true,"href":"https:\/\/melinabay.com\/de\/wp-json\/wp\/v2\/users\/1"}],"replies":[{"embeddable":true,"href":"https:\/\/melinabay.com\/de\/wp-json\/wp\/v2\/comments?post=1540"}],"version-history":[{"count":2,"href":"https:\/\/melinabay.com\/de\/wp-json\/wp\/v2\/pages\/1540\/revisions"}],"predecessor-version":[{"id":1608,"href":"https:\/\/melinabay.com\/de\/wp-json\/wp\/v2\/pages\/1540\/revisions\/1608"}],"wp:attachment":[{"href":"https:\/\/melinabay.com\/de\/wp-json\/wp\/v2\/media?parent=1540"}],"curies":[{"name":"wp","href":"https:\/\/api.w.org\/{rel}","templated":true}]}}