{"id":1539,"date":"2019-09-25T17:55:50","date_gmt":"2019-09-25T17:55:50","guid":{"rendered":"https:\/\/www.melinabay.com\/rooms\/"},"modified":"2025-03-05T13:49:02","modified_gmt":"2025-03-05T13:49:02","slug":"rooms","status":"publish","type":"page","link":"https:\/\/melinabay.com\/de\/rooms\/","title":{"rendered":"Zimmer"},"content":{"rendered":"","protected":false},"excerpt":{"rendered":"","protected":false},"author":1,"featured_media":0,"parent":0,"menu_order":0,"comment_status":"closed","ping_status":"closed","template":"rooms-archive.php","meta":[],"acf":[],"yoast_head":"<!-- This site is optimized with the Yoast SEO plugin v18.8 - https:\/\/yoast.com\/wordpress\/plugins\/seo\/ -->\n<title>Zimmer in Kassiopi | Melina Bay Boutique Hotel Corfu<\/title>\n<meta name=\"description\" content=\"Wir laden Sie ein, den Unterschied in Komfort, Atmosph\u00e4re und Service zu sp\u00fcren, den wir Ihnen bieten. Alle Zimmer im Melina Bay wurden vollst\u00e4ndig renoviert und bieten einen sehr hohen Standard und ein \u00e4sthetisches Finish.\" \/>\n<meta name=\"robots\" content=\"index, follow, max-snippet:-1, max-image-preview:large, max-video-preview:-1\" \/>\n<link rel=\"canonical\" href=\"https:\/\/melinabay.com\/de\/rooms\/\" \/>\n<meta property=\"og:locale\" content=\"de_DE\" \/>\n<meta property=\"og:type\" content=\"article\" \/>\n<meta property=\"og:title\" content=\"Zimmer in Kassiopi | Melina Bay Boutique Hotel Corfu\" \/>\n<meta property=\"og:description\" content=\"Wir laden Sie ein, den Unterschied in Komfort, Atmosph\u00e4re und Service zu sp\u00fcren, den wir Ihnen bieten. Alle Zimmer im Melina Bay wurden vollst\u00e4ndig renoviert und bieten einen sehr hohen Standard und ein \u00e4sthetisches Finish.\" \/>\n<meta property=\"og:url\" content=\"https:\/\/melinabay.com\/de\/rooms\/\" \/>\n<meta property=\"og:site_name\" content=\"Melina Bay Hotel\" \/>\n<meta property=\"article:publisher\" content=\"https:\/\/el-gr.facebook.com\/melinabayhotel\" \/>\n<meta property=\"article:modified_time\" content=\"2025-03-05T13:49:02+00:00\" \/>\n<meta property=\"og:image\" content=\"https:\/\/melinabay.com\/wp-content\/uploads\/2019\/09\/Melina-Bay-Sea-View-New-Building-1.jpg\" \/>\n\t<meta property=\"og:image:width\" content=\"1800\" \/>\n\t<meta property=\"og:image:height\" content=\"1202\" \/>\n\t<meta property=\"og:image:type\" content=\"image\/jpeg\" \/>\n<meta name=\"twitter:card\" content=\"summary_large_image\" \/>\n<script type=\"application\/ld+json\" class=\"yoast-schema-graph\">{\"@context\":\"https:\/\/schema.org\",\"@graph\":[{\"@type\":\"Organization\",\"@id\":\"https:\/\/melinabay.com\/#organization\",\"name\":\"Melina Bay Boutique Hotel Kassiopi, Corfu\",\"url\":\"https:\/\/melinabay.com\/\",\"sameAs\":[\"https:\/\/el-gr.facebook.com\/melinabayhotel\"],\"logo\":{\"@type\":\"ImageObject\",\"inLanguage\":\"de\",\"@id\":\"https:\/\/melinabay.com\/#\/schema\/logo\/image\/\",\"url\":\"https:\/\/melinabay.com\/wp-content\/uploads\/2019\/09\/melina-bay-badge.png\",\"contentUrl\":\"https:\/\/melinabay.com\/wp-content\/uploads\/2019\/09\/melina-bay-badge.png\",\"width\":300,\"height\":288,\"caption\":\"Melina Bay Boutique Hotel Kassiopi, Corfu\"},\"image\":{\"@id\":\"https:\/\/melinabay.com\/#\/schema\/logo\/image\/\"}},{\"@type\":\"WebSite\",\"@id\":\"https:\/\/melinabay.com\/#website\",\"url\":\"https:\/\/melinabay.com\/\",\"name\":\"Melina Bay Boutique Hotel\",\"description\":\"Boutique Hotel in Kassiopi\",\"publisher\":{\"@id\":\"https:\/\/melinabay.com\/#organization\"},\"potentialAction\":[{\"@type\":\"SearchAction\",\"target\":{\"@type\":\"EntryPoint\",\"urlTemplate\":\"https:\/\/melinabay.com\/?s={search_term_string}\"},\"query-input\":\"required name=search_term_string\"}],\"inLanguage\":\"de\"},{\"@type\":\"WebPage\",\"@id\":\"https:\/\/melinabay.com\/de\/rooms\/#webpage\",\"url\":\"https:\/\/melinabay.com\/de\/rooms\/\",\"name\":\"Zimmer in Kassiopi | Melina Bay Boutique Hotel Corfu\",\"isPartOf\":{\"@id\":\"https:\/\/melinabay.com\/#website\"},\"datePublished\":\"2019-09-25T17:55:50+00:00\",\"dateModified\":\"2025-03-05T13:49:02+00:00\",\"description\":\"Wir laden Sie ein, den Unterschied in Komfort, Atmosph\u00e4re und Service zu sp\u00fcren, den wir Ihnen bieten. Alle Zimmer im Melina Bay wurden vollst\u00e4ndig renoviert und bieten einen sehr hohen Standard und ein \u00e4sthetisches Finish.\",\"breadcrumb\":{\"@id\":\"https:\/\/melinabay.com\/de\/rooms\/#breadcrumb\"},\"inLanguage\":\"de\",\"potentialAction\":[{\"@type\":\"ReadAction\",\"target\":[\"https:\/\/melinabay.com\/de\/rooms\/\"]}]},{\"@type\":\"BreadcrumbList\",\"@id\":\"https:\/\/melinabay.com\/de\/rooms\/#breadcrumb\",\"itemListElement\":[{\"@type\":\"ListItem\",\"position\":1,\"name\":\"Home\",\"item\":\"https:\/\/melinabay.com\/de\/\"},{\"@type\":\"ListItem\",\"position\":2,\"name\":\"Zimmer\"}]}]}<\/script>\n<!-- \/ Yoast SEO plugin. -->","yoast_head_json":{"title":"Zimmer in Kassiopi | Melina Bay Boutique Hotel Corfu","description":"Wir laden Sie ein, den Unterschied in Komfort, Atmosph\u00e4re und Service zu sp\u00fcren, den wir Ihnen bieten. Alle Zimmer im Melina Bay wurden vollst\u00e4ndig renoviert und bieten einen sehr hohen Standard und ein \u00e4sthetisches Finish.","robots":{"index":"index","follow":"follow","max-snippet":"max-snippet:-1","max-image-preview":"max-image-preview:large","max-video-preview":"max-video-preview:-1"},"canonical":"https:\/\/melinabay.com\/de\/rooms\/","og_locale":"de_DE","og_type":"article","og_title":"Zimmer in Kassiopi | Melina Bay Boutique Hotel Corfu","og_description":"Wir laden Sie ein, den Unterschied in Komfort, Atmosph\u00e4re und Service zu sp\u00fcren, den wir Ihnen bieten. Alle Zimmer im Melina Bay wurden vollst\u00e4ndig renoviert und bieten einen sehr hohen Standard und ein \u00e4sthetisches Finish.","og_url":"https:\/\/melinabay.com\/de\/rooms\/","og_site_name":"Melina Bay Hotel","article_publisher":"https:\/\/el-gr.facebook.com\/melinabayhotel","article_modified_time":"2025-03-05T13:49:02+00:00","og_image":[{"width":1800,"height":1202,"url":"https:\/\/melinabay.com\/wp-content\/uploads\/2019\/09\/Melina-Bay-Sea-View-New-Building-1.jpg","type":"image\/jpeg"}],"twitter_card":"summary_large_image","schema":{"@context":"https:\/\/schema.org","@graph":[{"@type":"Organization","@id":"https:\/\/melinabay.com\/#organization","name":"Melina Bay Boutique Hotel Kassiopi, Corfu","url":"https:\/\/melinabay.com\/","sameAs":["https:\/\/el-gr.facebook.com\/melinabayhotel"],"logo":{"@type":"ImageObject","inLanguage":"de","@id":"https:\/\/melinabay.com\/#\/schema\/logo\/image\/","url":"https:\/\/melinabay.com\/wp-content\/uploads\/2019\/09\/melina-bay-badge.png","contentUrl":"https:\/\/melinabay.com\/wp-content\/uploads\/2019\/09\/melina-bay-badge.png","width":300,"height":288,"caption":"Melina Bay Boutique Hotel Kassiopi, Corfu"},"image":{"@id":"https:\/\/melinabay.com\/#\/schema\/logo\/image\/"}},{"@type":"WebSite","@id":"https:\/\/melinabay.com\/#website","url":"https:\/\/melinabay.com\/","name":"Melina Bay Boutique Hotel","description":"Boutique Hotel in Kassiopi","publisher":{"@id":"https:\/\/melinabay.com\/#organization"},"potentialAction":[{"@type":"SearchAction","target":{"@type":"EntryPoint","urlTemplate":"https:\/\/melinabay.com\/?s={search_term_string}"},"query-input":"required name=search_term_string"}],"inLanguage":"de"},{"@type":"WebPage","@id":"https:\/\/melinabay.com\/de\/rooms\/#webpage","url":"https:\/\/melinabay.com\/de\/rooms\/","name":"Zimmer in Kassiopi | Melina Bay Boutique Hotel Corfu","isPartOf":{"@id":"https:\/\/melinabay.com\/#website"},"datePublished":"2019-09-25T17:55:50+00:00","dateModified":"2025-03-05T13:49:02+00:00","description":"Wir laden Sie ein, den Unterschied in Komfort, Atmosph\u00e4re und Service zu sp\u00fcren, den wir Ihnen bieten. Alle Zimmer im Melina Bay wurden vollst\u00e4ndig renoviert und bieten einen sehr hohen Standard und ein \u00e4sthetisches Finish.","breadcrumb":{"@id":"https:\/\/melinabay.com\/de\/rooms\/#breadcrumb"},"inLanguage":"de","potentialAction":[{"@type":"ReadAction","target":["https:\/\/melinabay.com\/de\/rooms\/"]}]},{"@type":"BreadcrumbList","@id":"https:\/\/melinabay.com\/de\/rooms\/#breadcrumb","itemListElement":[{"@type":"ListItem","position":1,"name":"Home","item":"https:\/\/melinabay.com\/de\/"},{"@type":"ListItem","position":2,"name":"Zimmer"}]}]}},"_links":{"self":[{"href":"https:\/\/melinabay.com\/de\/wp-json\/wp\/v2\/pages\/1539"}],"collection":[{"href":"https:\/\/melinabay.com\/de\/wp-json\/wp\/v2\/pages"}],"about":[{"href":"https:\/\/melinabay.com\/de\/wp-json\/wp\/v2\/types\/page"}],"author":[{"embeddable":true,"href":"https:\/\/melinabay.com\/de\/wp-json\/wp\/v2\/users\/1"}],"replies":[{"embeddable":true,"href":"https:\/\/melinabay.com\/de\/wp-json\/wp\/v2\/comments?post=1539"}],"version-history":[{"count":3,"href":"https:\/\/melinabay.com\/de\/wp-json\/wp\/v2\/pages\/1539\/revisions"}],"predecessor-version":[{"id":1617,"href":"https:\/\/melinabay.com\/de\/wp-json\/wp\/v2\/pages\/1539\/revisions\/1617"}],"wp:attachment":[{"href":"https:\/\/melinabay.com\/de\/wp-json\/wp\/v2\/media?parent=1539"}],"curies":[{"name":"wp","href":"https:\/\/api.w.org\/{rel}","templated":true}]}}