{"id":1536,"date":"2019-09-25T17:50:05","date_gmt":"2019-09-25T17:50:05","guid":{"rendered":"https:\/\/www.melinabay.com\/privacy-policy\/"},"modified":"2025-03-05T13:31:14","modified_gmt":"2025-03-05T13:31:14","slug":"privacy-policy","status":"publish","type":"page","link":"https:\/\/melinabay.com\/de\/privacy-policy\/","title":{"rendered":"Datenschutzrichtlinie"},"content":{"rendered":"<h2>Bitte lesen Sie unsere Datenschutzbestimmungen sorgf\u00e4ltig<\/h2>\n<p>Diese Datenschutzrichtlinie beschreibt, wie die Melina Bay Webseite die Informationen, die Sie uns bei der Nutzung dieser Website geben, verwendet und sch\u00fctzt.<\/p>\n<p><strong>Melina Bay<\/strong> setzt sich daf\u00fcr ein, dass Ihre Privatsph\u00e4re gesch\u00fctzt wird. Sollten wir Sie bei der Nutzung dieser Website um die Angabe bestimmter Informationen bitten, anhand derer Sie identifiziert werden k\u00f6nnen, k\u00f6nnen Sie sicher sein, dass diese Informationen nur in \u00dcbereinstimmung mit dieser Datenschutzerkl\u00e4rung verwendet werden.<\/p>\n<p>Die Webseite <strong>Melina Bay<\/strong> kann diese Richtlinie von Zeit zu Zeit durch Aktualisierung dieser Seite \u00e4ndern. Sie sollten auch sicherstellen, dass Sie diese Seite \u00fcberpr\u00fcfen, um sicherzustellen, dass Sie mit allen \u00c4nderungen einverstanden sind. Diese Richtlinie ist g\u00fcltig ab <strong>17-1-2014<\/strong>.<\/p>\n<h2>Welche Informationen wir aufzeichnen<\/h2>\n<p>Wir k\u00f6nnen die folgenden Informationen sammeln:<br \/>\n-Name<br \/>\n-Kontaktinformationen, einschlie\u00dflich E-Mail-Adresse und Telefonnummer<br \/>\n-demografische Informationen<\/p>\n<h2>Was wir mit den von uns gesammelten Informationen tun<\/h2>\n<p>Erstens ben\u00f6tigen wir diese Informationen, um Ihnen so schnell wie m\u00f6glich eine Antwort auf Ihre Anfrage geben zu k\u00f6nnen. Sie helfen uns, Ihre Bed\u00fcrfnisse zu verstehen und Ihnen einen besseren Service zu bieten. Einige der folgenden Gr\u00fcnde sind besonders wichtig:<\/p>\n<h2>Interne Aktenf\u00fchrung<\/h2>\n<p>-Wir k\u00f6nnen die Informationen verwenden, um unsere Produkte und Dienstleistungen zu verbessern.<br \/>\n-Wir k\u00f6nnen Ihnen von Zeit zu Zeit Werbe-E-Mails mit Sonderangeboten oder anderen Informationen zusenden, von denen wir glauben, dass sie f\u00fcr Sie interessant sein k\u00f6nnten, indem wir die von Ihnen angegebene E-Mail-Adresse verwenden.<br \/>\n-Gelegentlich k\u00f6nnen wir Ihre Daten auch verwenden, um Sie zu Marktforschungszwecken zu kontaktieren.<br \/>\n-Wir k\u00f6nnen Sie per E-Mail oder Telefon kontaktieren.<br \/>\n-Wir k\u00f6nnen die Informationen verwenden, um die Webseite Ihren Interessen entsprechend anzupassen.<\/p>\n<h2>Sicherheit<\/h2>\n<p>Wir verpflichten uns, daf\u00fcr zu sorgen, dass Ihre Daten sicher sind. Um einen unbefugten Zugriff oder eine unbefugte Offenlegung zu verhindern, haben wir geeignete physische, elektronische und verwaltungstechnische Verfahren zum Schutz und zur Sicherung der von uns online erfassten Daten eingef\u00fchrt.<\/p>\n<h2>Links zu anderen Webseiten<\/h2>\n<p>Unsere Webseite kann Links zu anderen Webseiten von Interesse enthalten. Wenn Sie unsere Webseite \u00fcber diese Links verlassen haben, sollten Sie jedoch beachten, dass wir keine Kontrolle \u00fcber diese andere Webseiten haben. Daher k\u00f6nnen wir nicht f\u00fcr den Schutz und die Vertraulichkeit von Informationen verantwortlich sein, die Sie beim Besuch solcher Webseiten zur Verf\u00fcgung stellen, und solche Webseiten unterliegen nicht dieser Datenschutzerkl\u00e4rung. Sie sollten Vorsicht walten lassen und die f\u00fcr die betreffende Webseite geltenden Datenschutzbestimmungen lesen.<\/p>\n<h2>Kontrolle Ihrer pers\u00f6nlichen Daten<\/h2>\n<p>Sie k\u00f6nnen die Erfassung oder Verwendung Ihrer pers\u00f6nlichen Daten auf folgende Weise einschr\u00e4nken:<\/p>\n<p>-Wenn Sie auf der Website aufgefordert werden, ein Formular auszuf\u00fcllen, f\u00fcllen Sie nur die erforderlichen Felder aus.<br \/>\n-Wenn Sie unseren Newsletter bereits abonniert haben, k\u00f6nnen Sie Ihre Meinung jederzeit \u00e4ndern, indem Sie sich abmelden oder uns eine E-Mail schreiben.<\/p>\n<p>Wir werden Ihre pers\u00f6nlichen Daten nicht an Dritte verkaufen, weitergeben oder vermieten, es sei denn, wir haben Ihre Erlaubnis oder sind gesetzlich dazu verpflichtet. Wir k\u00f6nnen Ihre pers\u00f6nlichen Daten verwenden, um Ihnen Werbeinformationen \u00fcber Melina Bay und die Insel Korfu zu schicken, von denen wir glauben, dass sie f\u00fcr Sie interessant sein k\u00f6nnten. Wenn Sie der Meinung sind, dass die Informationen, die wir \u00fcber Sie haben, falsch oder unvollst\u00e4ndig sind, schreiben Sie uns bitte so bald wie m\u00f6glich oder schicken Sie uns eine E-Mail. Wir werden alle Informationen, die sich als falsch erweisen, umgehend korrigieren.<\/p>\n","protected":false},"excerpt":{"rendered":"<p>Bitte lesen Sie unsere Datenschutzbestimmungen sorgf\u00e4ltig Diese Datenschutzrichtlinie beschreibt, wie die Melina Bay Webseite die Informationen, die Sie uns bei [&hellip;]<\/p>\n","protected":false},"author":1,"featured_media":0,"parent":0,"menu_order":0,"comment_status":"closed","ping_status":"closed","template":"info-pages-template.php","meta":[],"acf":[],"yoast_head":"<!-- This site is optimized with the Yoast SEO plugin v18.8 - https:\/\/yoast.com\/wordpress\/plugins\/seo\/ -->\n<title>Datenschutzrichtlinie | Melina Bay Boutique Hotel Kassiopi<\/title>\n<meta name=\"description\" content=\"Der Schutz Ihrer pers\u00f6nlichen Daten ist f\u00fcr uns wichtig! Bitte lesen Sie sorgf\u00e4ltig.\" \/>\n<meta name=\"robots\" content=\"index, follow, max-snippet:-1, max-image-preview:large, max-video-preview:-1\" \/>\n<link rel=\"canonical\" href=\"https:\/\/melinabay.com\/de\/privacy-policy\/\" \/>\n<meta property=\"og:locale\" content=\"de_DE\" \/>\n<meta property=\"og:type\" content=\"article\" \/>\n<meta property=\"og:title\" content=\"Datenschutzrichtlinie | Melina Bay Boutique Hotel Kassiopi\" \/>\n<meta property=\"og:description\" content=\"Der Schutz Ihrer pers\u00f6nlichen Daten ist f\u00fcr uns wichtig! Bitte lesen Sie sorgf\u00e4ltig.\" \/>\n<meta property=\"og:url\" content=\"https:\/\/melinabay.com\/de\/privacy-policy\/\" \/>\n<meta property=\"og:site_name\" content=\"Melina Bay Hotel\" \/>\n<meta property=\"article:publisher\" content=\"https:\/\/el-gr.facebook.com\/melinabayhotel\" \/>\n<meta property=\"article:modified_time\" content=\"2025-03-05T13:31:14+00:00\" \/>\n<meta property=\"og:image\" content=\"https:\/\/melinabay.com\/wp-content\/uploads\/2019\/09\/Melina-Bay-Sea-View-New-Building-1.jpg\" \/>\n\t<meta property=\"og:image:width\" content=\"1800\" \/>\n\t<meta property=\"og:image:height\" content=\"1202\" \/>\n\t<meta property=\"og:image:type\" content=\"image\/jpeg\" \/>\n<meta name=\"twitter:card\" content=\"summary_large_image\" \/>\n<meta name=\"twitter:label1\" content=\"Gesch\u00e4tzte Lesezeit\" \/>\n\t<meta name=\"twitter:data1\" content=\"3\u00a0Minuten\" \/>\n<script type=\"application\/ld+json\" class=\"yoast-schema-graph\">{\"@context\":\"https:\/\/schema.org\",\"@graph\":[{\"@type\":\"Organization\",\"@id\":\"https:\/\/melinabay.com\/#organization\",\"name\":\"Melina Bay Boutique Hotel Kassiopi, Corfu\",\"url\":\"https:\/\/melinabay.com\/\",\"sameAs\":[\"https:\/\/el-gr.facebook.com\/melinabayhotel\"],\"logo\":{\"@type\":\"ImageObject\",\"inLanguage\":\"de\",\"@id\":\"https:\/\/melinabay.com\/#\/schema\/logo\/image\/\",\"url\":\"https:\/\/melinabay.com\/wp-content\/uploads\/2019\/09\/melina-bay-badge.png\",\"contentUrl\":\"https:\/\/melinabay.com\/wp-content\/uploads\/2019\/09\/melina-bay-badge.png\",\"width\":300,\"height\":288,\"caption\":\"Melina Bay Boutique Hotel Kassiopi, Corfu\"},\"image\":{\"@id\":\"https:\/\/melinabay.com\/#\/schema\/logo\/image\/\"}},{\"@type\":\"WebSite\",\"@id\":\"https:\/\/melinabay.com\/#website\",\"url\":\"https:\/\/melinabay.com\/\",\"name\":\"Melina Bay Boutique Hotel\",\"description\":\"Boutique Hotel in Kassiopi\",\"publisher\":{\"@id\":\"https:\/\/melinabay.com\/#organization\"},\"potentialAction\":[{\"@type\":\"SearchAction\",\"target\":{\"@type\":\"EntryPoint\",\"urlTemplate\":\"https:\/\/melinabay.com\/?s={search_term_string}\"},\"query-input\":\"required name=search_term_string\"}],\"inLanguage\":\"de\"},{\"@type\":\"WebPage\",\"@id\":\"https:\/\/melinabay.com\/de\/privacy-policy\/#webpage\",\"url\":\"https:\/\/melinabay.com\/de\/privacy-policy\/\",\"name\":\"Datenschutzrichtlinie | Melina Bay Boutique Hotel Kassiopi\",\"isPartOf\":{\"@id\":\"https:\/\/melinabay.com\/#website\"},\"datePublished\":\"2019-09-25T17:50:05+00:00\",\"dateModified\":\"2025-03-05T13:31:14+00:00\",\"description\":\"Der Schutz Ihrer pers\u00f6nlichen Daten ist f\u00fcr uns wichtig! Bitte lesen Sie sorgf\u00e4ltig.\",\"breadcrumb\":{\"@id\":\"https:\/\/melinabay.com\/de\/privacy-policy\/#breadcrumb\"},\"inLanguage\":\"de\",\"potentialAction\":[{\"@type\":\"ReadAction\",\"target\":[\"https:\/\/melinabay.com\/de\/privacy-policy\/\"]}]},{\"@type\":\"BreadcrumbList\",\"@id\":\"https:\/\/melinabay.com\/de\/privacy-policy\/#breadcrumb\",\"itemListElement\":[{\"@type\":\"ListItem\",\"position\":1,\"name\":\"Home\",\"item\":\"https:\/\/melinabay.com\/de\/\"},{\"@type\":\"ListItem\",\"position\":2,\"name\":\"Datenschutzrichtlinie\"}]}]}<\/script>\n<!-- \/ Yoast SEO plugin. -->","yoast_head_json":{"title":"Datenschutzrichtlinie | Melina Bay Boutique Hotel Kassiopi","description":"Der Schutz Ihrer pers\u00f6nlichen Daten ist f\u00fcr uns wichtig! Bitte lesen Sie sorgf\u00e4ltig.","robots":{"index":"index","follow":"follow","max-snippet":"max-snippet:-1","max-image-preview":"max-image-preview:large","max-video-preview":"max-video-preview:-1"},"canonical":"https:\/\/melinabay.com\/de\/privacy-policy\/","og_locale":"de_DE","og_type":"article","og_title":"Datenschutzrichtlinie | Melina Bay Boutique Hotel Kassiopi","og_description":"Der Schutz Ihrer pers\u00f6nlichen Daten ist f\u00fcr uns wichtig! Bitte lesen Sie sorgf\u00e4ltig.","og_url":"https:\/\/melinabay.com\/de\/privacy-policy\/","og_site_name":"Melina Bay Hotel","article_publisher":"https:\/\/el-gr.facebook.com\/melinabayhotel","article_modified_time":"2025-03-05T13:31:14+00:00","og_image":[{"width":1800,"height":1202,"url":"https:\/\/melinabay.com\/wp-content\/uploads\/2019\/09\/Melina-Bay-Sea-View-New-Building-1.jpg","type":"image\/jpeg"}],"twitter_card":"summary_large_image","twitter_misc":{"Gesch\u00e4tzte Lesezeit":"3\u00a0Minuten"},"schema":{"@context":"https:\/\/schema.org","@graph":[{"@type":"Organization","@id":"https:\/\/melinabay.com\/#organization","name":"Melina Bay Boutique Hotel Kassiopi, Corfu","url":"https:\/\/melinabay.com\/","sameAs":["https:\/\/el-gr.facebook.com\/melinabayhotel"],"logo":{"@type":"ImageObject","inLanguage":"de","@id":"https:\/\/melinabay.com\/#\/schema\/logo\/image\/","url":"https:\/\/melinabay.com\/wp-content\/uploads\/2019\/09\/melina-bay-badge.png","contentUrl":"https:\/\/melinabay.com\/wp-content\/uploads\/2019\/09\/melina-bay-badge.png","width":300,"height":288,"caption":"Melina Bay Boutique Hotel Kassiopi, Corfu"},"image":{"@id":"https:\/\/melinabay.com\/#\/schema\/logo\/image\/"}},{"@type":"WebSite","@id":"https:\/\/melinabay.com\/#website","url":"https:\/\/melinabay.com\/","name":"Melina Bay Boutique Hotel","description":"Boutique Hotel in Kassiopi","publisher":{"@id":"https:\/\/melinabay.com\/#organization"},"potentialAction":[{"@type":"SearchAction","target":{"@type":"EntryPoint","urlTemplate":"https:\/\/melinabay.com\/?s={search_term_string}"},"query-input":"required name=search_term_string"}],"inLanguage":"de"},{"@type":"WebPage","@id":"https:\/\/melinabay.com\/de\/privacy-policy\/#webpage","url":"https:\/\/melinabay.com\/de\/privacy-policy\/","name":"Datenschutzrichtlinie | Melina Bay Boutique Hotel Kassiopi","isPartOf":{"@id":"https:\/\/melinabay.com\/#website"},"datePublished":"2019-09-25T17:50:05+00:00","dateModified":"2025-03-05T13:31:14+00:00","description":"Der Schutz Ihrer pers\u00f6nlichen Daten ist f\u00fcr uns wichtig! Bitte lesen Sie sorgf\u00e4ltig.","breadcrumb":{"@id":"https:\/\/melinabay.com\/de\/privacy-policy\/#breadcrumb"},"inLanguage":"de","potentialAction":[{"@type":"ReadAction","target":["https:\/\/melinabay.com\/de\/privacy-policy\/"]}]},{"@type":"BreadcrumbList","@id":"https:\/\/melinabay.com\/de\/privacy-policy\/#breadcrumb","itemListElement":[{"@type":"ListItem","position":1,"name":"Home","item":"https:\/\/melinabay.com\/de\/"},{"@type":"ListItem","position":2,"name":"Datenschutzrichtlinie"}]}]}},"_links":{"self":[{"href":"https:\/\/melinabay.com\/de\/wp-json\/wp\/v2\/pages\/1536"}],"collection":[{"href":"https:\/\/melinabay.com\/de\/wp-json\/wp\/v2\/pages"}],"about":[{"href":"https:\/\/melinabay.com\/de\/wp-json\/wp\/v2\/types\/page"}],"author":[{"embeddable":true,"href":"https:\/\/melinabay.com\/de\/wp-json\/wp\/v2\/users\/1"}],"replies":[{"embeddable":true,"href":"https:\/\/melinabay.com\/de\/wp-json\/wp\/v2\/comments?post=1536"}],"version-history":[{"count":2,"href":"https:\/\/melinabay.com\/de\/wp-json\/wp\/v2\/pages\/1536\/revisions"}],"predecessor-version":[{"id":1606,"href":"https:\/\/melinabay.com\/de\/wp-json\/wp\/v2\/pages\/1536\/revisions\/1606"}],"wp:attachment":[{"href":"https:\/\/melinabay.com\/de\/wp-json\/wp\/v2\/media?parent=1536"}],"curies":[{"name":"wp","href":"https:\/\/api.w.org\/{rel}","templated":true}]}}