{"id":1517,"date":"2019-09-25T17:49:09","date_gmt":"2019-09-25T17:49:09","guid":{"rendered":"https:\/\/www.melinabay.com\/home\/"},"modified":"2025-03-05T13:23:54","modified_gmt":"2025-03-05T13:23:54","slug":"home","status":"publish","type":"page","link":"https:\/\/melinabay.com\/de\/","title":{"rendered":"Melina Bay Boutique Hotel"},"content":{"rendered":"","protected":false},"excerpt":{"rendered":"","protected":false},"author":1,"featured_media":0,"parent":0,"menu_order":0,"comment_status":"closed","ping_status":"closed","template":"homepage-template.php","meta":[],"acf":[],"yoast_head":"<!-- This site is optimized with the Yoast SEO plugin v18.8 - https:\/\/yoast.com\/wordpress\/plugins\/seo\/ -->\n<title>Hotel in Kassiopi | Melina Bay Boutique Hotel Korfu<\/title>\n<meta name=\"description\" content=\"Das Melina Bay Seaside Boutique Hotel ist komplett renoviert und verf\u00fcgt \u00fcber einen Swimmingpool im Herzen des Hafens von Kassiopi auf der Insel Korfu. Buchen Sie ein Zimmer und genie\u00dfen Sie.\" \/>\n<meta name=\"robots\" content=\"index, follow, max-snippet:-1, max-image-preview:large, max-video-preview:-1\" \/>\n<link rel=\"canonical\" href=\"https:\/\/melinabay.com\/de\/\" \/>\n<meta property=\"og:locale\" content=\"de_DE\" \/>\n<meta property=\"og:type\" content=\"article\" \/>\n<meta property=\"og:title\" content=\"Hotel in Kassiopi | Melina Bay Boutique Hotel Korfu\" \/>\n<meta property=\"og:description\" content=\"Das Melina Bay Seaside Boutique Hotel ist komplett renoviert und verf\u00fcgt \u00fcber einen Swimmingpool im Herzen des Hafens von Kassiopi auf der Insel Korfu. Buchen Sie ein Zimmer und genie\u00dfen Sie.\" \/>\n<meta property=\"og:url\" content=\"https:\/\/melinabay.com\/de\/\" \/>\n<meta property=\"og:site_name\" content=\"Melina Bay Hotel\" \/>\n<meta property=\"article:publisher\" content=\"https:\/\/el-gr.facebook.com\/melinabayhotel\" \/>\n<meta property=\"article:modified_time\" content=\"2025-03-05T13:23:54+00:00\" \/>\n<meta property=\"og:image\" content=\"https:\/\/melinabay.com\/wp-content\/uploads\/2019\/09\/Double-Room-with-Sea-View.jpg\" \/>\n\t<meta property=\"og:image:width\" content=\"1920\" \/>\n\t<meta property=\"og:image:height\" content=\"1004\" \/>\n\t<meta property=\"og:image:type\" content=\"image\/jpeg\" \/>\n<meta name=\"twitter:card\" content=\"summary_large_image\" \/>\n<script type=\"application\/ld+json\" class=\"yoast-schema-graph\">{\"@context\":\"https:\/\/schema.org\",\"@graph\":[{\"@type\":\"Organization\",\"@id\":\"https:\/\/melinabay.com\/de\/#organization\",\"name\":\"Melina Bay Boutique Hotel Kassiopi, Corfu\",\"url\":\"https:\/\/melinabay.com\/de\/\",\"sameAs\":[\"https:\/\/el-gr.facebook.com\/melinabayhotel\"],\"logo\":{\"@type\":\"ImageObject\",\"inLanguage\":\"de\",\"@id\":\"https:\/\/melinabay.com\/de\/#\/schema\/logo\/image\/\",\"url\":\"https:\/\/melinabay.com\/wp-content\/uploads\/2019\/09\/melina-bay-badge.png\",\"contentUrl\":\"https:\/\/melinabay.com\/wp-content\/uploads\/2019\/09\/melina-bay-badge.png\",\"width\":300,\"height\":288,\"caption\":\"Melina Bay Boutique Hotel Kassiopi, Corfu\"},\"image\":{\"@id\":\"https:\/\/melinabay.com\/de\/#\/schema\/logo\/image\/\"}},{\"@type\":\"WebSite\",\"@id\":\"https:\/\/melinabay.com\/de\/#website\",\"url\":\"https:\/\/melinabay.com\/de\/\",\"name\":\"Melina Bay Boutique Hotel\",\"description\":\"Boutique Hotel in Kassiopi\",\"publisher\":{\"@id\":\"https:\/\/melinabay.com\/de\/#organization\"},\"potentialAction\":[{\"@type\":\"SearchAction\",\"target\":{\"@type\":\"EntryPoint\",\"urlTemplate\":\"https:\/\/melinabay.com\/de\/?s={search_term_string}\"},\"query-input\":\"required name=search_term_string\"}],\"inLanguage\":\"de\"},{\"@type\":\"ImageObject\",\"inLanguage\":\"de\",\"@id\":\"https:\/\/melinabay.com\/de\/#primaryimage\",\"url\":\"https:\/\/melinabay.com\/wp-content\/uploads\/2019\/09\/Double-Room-with-Sea-View.jpg\",\"contentUrl\":\"https:\/\/melinabay.com\/wp-content\/uploads\/2019\/09\/Double-Room-with-Sea-View.jpg\",\"width\":1920,\"height\":1004,\"caption\":\"Melina Bay Hotel | Kassiopi - Double Room with Sea View\"},{\"@type\":\"WebPage\",\"@id\":\"https:\/\/melinabay.com\/de\/#webpage\",\"url\":\"https:\/\/melinabay.com\/de\/\",\"name\":\"Hotel in Kassiopi | Melina Bay Boutique Hotel Korfu\",\"isPartOf\":{\"@id\":\"https:\/\/melinabay.com\/de\/#website\"},\"primaryImageOfPage\":{\"@id\":\"https:\/\/melinabay.com\/de\/#primaryimage\"},\"datePublished\":\"2019-09-25T17:49:09+00:00\",\"dateModified\":\"2025-03-05T13:23:54+00:00\",\"description\":\"Das Melina Bay Seaside Boutique Hotel ist komplett renoviert und verf\u00fcgt \u00fcber einen Swimmingpool im Herzen des Hafens von Kassiopi auf der Insel Korfu. Buchen Sie ein Zimmer und genie\u00dfen Sie.\",\"breadcrumb\":{\"@id\":\"https:\/\/melinabay.com\/de\/#breadcrumb\"},\"inLanguage\":\"de\",\"potentialAction\":[{\"@type\":\"ReadAction\",\"target\":[\"https:\/\/melinabay.com\/de\/\"]}]},{\"@type\":\"BreadcrumbList\",\"@id\":\"https:\/\/melinabay.com\/de\/#breadcrumb\",\"itemListElement\":[{\"@type\":\"ListItem\",\"position\":1,\"name\":\"Home\",\"item\":\"https:\/\/melinabay.com\/de\/\"},{\"@type\":\"ListItem\",\"position\":2,\"name\":\"Melina Bay Boutique Hotel\"}]}]}<\/script>\n<!-- \/ Yoast SEO plugin. -->","yoast_head_json":{"title":"Hotel in Kassiopi | Melina Bay Boutique Hotel Korfu","description":"Das Melina Bay Seaside Boutique Hotel ist komplett renoviert und verf\u00fcgt \u00fcber einen Swimmingpool im Herzen des Hafens von Kassiopi auf der Insel Korfu. Buchen Sie ein Zimmer und genie\u00dfen Sie.","robots":{"index":"index","follow":"follow","max-snippet":"max-snippet:-1","max-image-preview":"max-image-preview:large","max-video-preview":"max-video-preview:-1"},"canonical":"https:\/\/melinabay.com\/de\/","og_locale":"de_DE","og_type":"article","og_title":"Hotel in Kassiopi | Melina Bay Boutique Hotel Korfu","og_description":"Das Melina Bay Seaside Boutique Hotel ist komplett renoviert und verf\u00fcgt \u00fcber einen Swimmingpool im Herzen des Hafens von Kassiopi auf der Insel Korfu. Buchen Sie ein Zimmer und genie\u00dfen Sie.","og_url":"https:\/\/melinabay.com\/de\/","og_site_name":"Melina Bay Hotel","article_publisher":"https:\/\/el-gr.facebook.com\/melinabayhotel","article_modified_time":"2025-03-05T13:23:54+00:00","og_image":[{"width":1920,"height":1004,"url":"https:\/\/melinabay.com\/wp-content\/uploads\/2019\/09\/Double-Room-with-Sea-View.jpg","type":"image\/jpeg"}],"twitter_card":"summary_large_image","schema":{"@context":"https:\/\/schema.org","@graph":[{"@type":"Organization","@id":"https:\/\/melinabay.com\/de\/#organization","name":"Melina Bay Boutique Hotel Kassiopi, Corfu","url":"https:\/\/melinabay.com\/de\/","sameAs":["https:\/\/el-gr.facebook.com\/melinabayhotel"],"logo":{"@type":"ImageObject","inLanguage":"de","@id":"https:\/\/melinabay.com\/de\/#\/schema\/logo\/image\/","url":"https:\/\/melinabay.com\/wp-content\/uploads\/2019\/09\/melina-bay-badge.png","contentUrl":"https:\/\/melinabay.com\/wp-content\/uploads\/2019\/09\/melina-bay-badge.png","width":300,"height":288,"caption":"Melina Bay Boutique Hotel Kassiopi, Corfu"},"image":{"@id":"https:\/\/melinabay.com\/de\/#\/schema\/logo\/image\/"}},{"@type":"WebSite","@id":"https:\/\/melinabay.com\/de\/#website","url":"https:\/\/melinabay.com\/de\/","name":"Melina Bay Boutique Hotel","description":"Boutique Hotel in Kassiopi","publisher":{"@id":"https:\/\/melinabay.com\/de\/#organization"},"potentialAction":[{"@type":"SearchAction","target":{"@type":"EntryPoint","urlTemplate":"https:\/\/melinabay.com\/de\/?s={search_term_string}"},"query-input":"required name=search_term_string"}],"inLanguage":"de"},{"@type":"ImageObject","inLanguage":"de","@id":"https:\/\/melinabay.com\/de\/#primaryimage","url":"https:\/\/melinabay.com\/wp-content\/uploads\/2019\/09\/Double-Room-with-Sea-View.jpg","contentUrl":"https:\/\/melinabay.com\/wp-content\/uploads\/2019\/09\/Double-Room-with-Sea-View.jpg","width":1920,"height":1004,"caption":"Melina Bay Hotel | Kassiopi - Double Room with Sea View"},{"@type":"WebPage","@id":"https:\/\/melinabay.com\/de\/#webpage","url":"https:\/\/melinabay.com\/de\/","name":"Hotel in Kassiopi | Melina Bay Boutique Hotel Korfu","isPartOf":{"@id":"https:\/\/melinabay.com\/de\/#website"},"primaryImageOfPage":{"@id":"https:\/\/melinabay.com\/de\/#primaryimage"},"datePublished":"2019-09-25T17:49:09+00:00","dateModified":"2025-03-05T13:23:54+00:00","description":"Das Melina Bay Seaside Boutique Hotel ist komplett renoviert und verf\u00fcgt \u00fcber einen Swimmingpool im Herzen des Hafens von Kassiopi auf der Insel Korfu. Buchen Sie ein Zimmer und genie\u00dfen Sie.","breadcrumb":{"@id":"https:\/\/melinabay.com\/de\/#breadcrumb"},"inLanguage":"de","potentialAction":[{"@type":"ReadAction","target":["https:\/\/melinabay.com\/de\/"]}]},{"@type":"BreadcrumbList","@id":"https:\/\/melinabay.com\/de\/#breadcrumb","itemListElement":[{"@type":"ListItem","position":1,"name":"Home","item":"https:\/\/melinabay.com\/de\/"},{"@type":"ListItem","position":2,"name":"Melina Bay Boutique Hotel"}]}]}},"_links":{"self":[{"href":"https:\/\/melinabay.com\/de\/wp-json\/wp\/v2\/pages\/1517"}],"collection":[{"href":"https:\/\/melinabay.com\/de\/wp-json\/wp\/v2\/pages"}],"about":[{"href":"https:\/\/melinabay.com\/de\/wp-json\/wp\/v2\/types\/page"}],"author":[{"embeddable":true,"href":"https:\/\/melinabay.com\/de\/wp-json\/wp\/v2\/users\/1"}],"replies":[{"embeddable":true,"href":"https:\/\/melinabay.com\/de\/wp-json\/wp\/v2\/comments?post=1517"}],"version-history":[{"count":1,"href":"https:\/\/melinabay.com\/de\/wp-json\/wp\/v2\/pages\/1517\/revisions"}],"predecessor-version":[{"id":1576,"href":"https:\/\/melinabay.com\/de\/wp-json\/wp\/v2\/pages\/1517\/revisions\/1576"}],"wp:attachment":[{"href":"https:\/\/melinabay.com\/de\/wp-json\/wp\/v2\/media?parent=1517"}],"curies":[{"name":"wp","href":"https:\/\/api.w.org\/{rel}","templated":true}]}}